{"id":32,"date":"2023-06-09T16:32:52","date_gmt":"2023-06-09T14:32:52","guid":{"rendered":"https:\/\/www.allewohlstand.org\/?page_id=32"},"modified":"2026-04-19T07:29:38","modified_gmt":"2026-04-19T05:29:38","slug":"impressum","status":"publish","type":"page","link":"https:\/\/www.allewohlstand.org\/index.php\/impressum\/","title":{"rendered":"Impressum"},"content":{"rendered":"\n<p><strong>Medieninhaber<\/strong>: &#8222;Wohlstand f\u00fcr Alle &#8211; gemeinn\u00fctziger Verein zur F\u00f6rderung von sozialer Kooperation und digitaler Kompetenz&#8220;<\/p>\n\n\n\n<p><strong>ZVR<\/strong>: 1091831624.<br>1080 Wien, Piaristengasse 35<br><strong>Tel<\/strong>: +43 650 2287001<br><strong>E-Mai<\/strong>l: rna@allewohlstand.org<br><strong>Web<\/strong>: <a href=\"https:\/\/allewohlstand.org\">https:\/\/allewohlstand.org<\/a><br><strong>Blattlinie<\/strong>: Information \u00fcber Wohlstand, Kooperation und Demokratie<br><strong>Vertretung des Vereins:<\/strong> <br>Dr. Anne Korn-Nespor, Obfrau <br>Dr. Rupert Nagler, Obfrau-Stellvertreter<\/p>\n\n\n\n<p><strong>Vereinszweck<\/strong>:<\/p>\n\n\n\n<ul class=\"wp-block-list\">\n<li>die F\u00f6rderung von Kooperation, Demokratie und Gemeinwohl<\/li>\n\n\n\n<li>die St\u00e4rkung des allgemeinen Wohlstands<\/li>\n\n\n\n<li>die Vermeidung und \u00dcberwindung von Armut<\/li>\n\n\n\n<li>die Aufkl\u00e4rung \u00fcber Nutzen und Gefahren der Digitalisierung<\/li>\n\n\n\n<li>die Erh\u00f6hung der Kompetenz der gesamten Bev\u00f6lkerung im Umgang mit Informationstechnologie, Internet und elektronische Medien<\/li>\n\n\n\n<li>die Bef\u00e4higung der B\u00fcrger:innen, \u00f6ffentlich verf\u00fcgbare Daten qualifiziert in ihrer Entscheidungsfindung zu nutzen<\/li>\n\n\n\n<li>die Jugendarbeit zur F\u00f6rderung der digitalen und sozialen Kompetenz junger Menschen<\/li>\n\n\n\n<li>die Unterst\u00fctzung von Eltern und Lehrern bei der digitalen Ausbildung von Kindern und Jugendlichen<\/li>\n<\/ul>\n\n\n<\/p>\n\n\n<p>Diese Webseite kann Links zu externen Webseiten enthalten. <br>F\u00fcr verlinkte Inhalte \u00fcbernehmen wir keine Verantwortung.<\/p>\n","protected":false},"excerpt":{"rendered":"<p>Medieninhaber: &#8222;Wohlstand f\u00fcr Alle &#8211; gemeinn\u00fctziger Verein zur F\u00f6rderung von sozialer Kooperation und digitaler Kompetenz&#8220; ZVR: 1091831624.1080 Wien, Piaristengasse 35Tel: +43 650 2287001E-Mail: rna@allewohlstand.orgWeb: https:\/\/allewohlstand.orgBlattlinie: Information \u00fcber Wohlstand, Kooperation und DemokratieVertretung des Vereins: Dr. Anne Korn-Nespor, Obfrau Dr. Rupert Nagler, Obfrau-Stellvertreter Vereinszweck: Diese Webseite kann Links zu externen Webseiten enthalten. F\u00fcr verlinkte Inhalte \u00fcbernehmen wir &hellip; <a href=\"https:\/\/www.allewohlstand.org\/index.php\/impressum\/\" class=\"more-link\">Continue reading<span class=\"screen-reader-text\"> &#8222;Impressum&#8220;<\/span><\/a><\/p>\n","protected":false},"author":1,"featured_media":0,"parent":0,"menu_order":0,"comment_status":"closed","ping_status":"closed","template":"","meta":{"footnotes":""},"class_list":["post-32","page","type-page","status-publish","hentry"],"_links":{"self":[{"href":"https:\/\/www.allewohlstand.org\/index.php\/wp-json\/wp\/v2\/pages\/32","targetHints":{"allow":["GET"]}}],"collection":[{"href":"https:\/\/www.allewohlstand.org\/index.php\/wp-json\/wp\/v2\/pages"}],"about":[{"href":"https:\/\/www.allewohlstand.org\/index.php\/wp-json\/wp\/v2\/types\/page"}],"author":[{"embeddable":true,"href":"https:\/\/www.allewohlstand.org\/index.php\/wp-json\/wp\/v2\/users\/1"}],"replies":[{"embeddable":true,"href":"https:\/\/www.allewohlstand.org\/index.php\/wp-json\/wp\/v2\/comments?post=32"}],"version-history":[{"count":15,"href":"https:\/\/www.allewohlstand.org\/index.php\/wp-json\/wp\/v2\/pages\/32\/revisions"}],"predecessor-version":[{"id":494,"href":"https:\/\/www.allewohlstand.org\/index.php\/wp-json\/wp\/v2\/pages\/32\/revisions\/494"}],"wp:attachment":[{"href":"https:\/\/www.allewohlstand.org\/index.php\/wp-json\/wp\/v2\/media?parent=32"}],"curies":[{"name":"wp","href":"https:\/\/api.w.org\/{rel}","templated":true}]}}